{"id":4883,"date":"2025-06-29T15:03:48","date_gmt":"2025-06-29T13:03:48","guid":{"rendered":"https:\/\/blanchedalmond-oryx-541128.hostingersite.com\/?post_type=product&#038;p=4883"},"modified":"2026-04-23T14:42:26","modified_gmt":"2026-04-23T12:42:26","slug":"fuselage-kparts-mat-allure-2024-avec-ailes-kujira-v1","status":"publish","type":"product","link":"https:\/\/kparts-watersports.com\/es\/produit\/fuselage-kparts-mat-allure-2024-avec-ailes-kujira-v1\/","title":{"rendered":"Fuselage KPARTS &#8211; M\u00e2t ALLURE 2024 avec ailes KUJIRA V1"},"content":{"rendered":"<p><strong data-redactor-tag=\"strong\">[En stock : Livraison sous 48h]<\/strong><\/p>\n<p>Red\u00e9couvrez vos ailes favorites avec ce fuselage in\u00e9dit.<\/p>\n<p>Nous avons concu un fuselage qui rend vos ailes Takuma Kujira V1 compatibles avec le m\u00e2t ALLURE 2024.<\/p>\n<p>Le fuselage vous permet de monter les stabilisateurs d&#8217;origine (158, 178 etc) mais \u00e9galement vos stabilisteurs &#8220;customs&#8221; gr\u00e2ce aux cales fournies.<\/p>\n<p>Le rake du fuselage a \u00e9t\u00e9 revu pour donner une assiette neutre. Celui a \u00e9t\u00e9 raccourci de 15mm.<\/p>\n<p>Le fuselage est usin\u00e9 en aluminium 6082-T6, anosid\u00e9\u00a0<strong data-redactor-tag=\"strong\"><u data-redactor-tag=\"u\">GRIS<\/u><\/strong><\/p>\n<p>L&#8217;adonisation du fuselage est r\u00e9alis\u00e9e en France chez un de nos partenaire afin de ma\u00eetriser le process et la qualit\u00e9 de la protection de l&#8217;aluminium. Cela avec un seul but : vous proposer la meilleur durabilit\u00e9 face \u00e0 la corrosion.<\/p>\n<p>Le fuselage devra \u00eatre malgr\u00e9 tout rinc\u00e9 \u00e0 l&#8217;eau douce apr\u00e8s chaque usage pour limiter la corrosion et du tef-gel (non inclu) devra \u00eatre utilis\u00e9 pour la visserie pour limiter l&#8217;interaction chimique avec l&#8217;inox.<\/p>\n<p>Les ailes et stabilisateurs pr\u00e9sents sur les photos ne sont pas compris dans le pack et ne sont l\u00e0 qu&#8217;\u00e0 titre d&#8217;illustration.<\/p>\n<p>A propos des ailes avant Takuma : il y a eu beaucoup de disparit\u00e9s sur les tol\u00e9rances d&#8217;emboitement dans la production TAKUMA, avec des ailes ajust\u00e9es, d&#8217;autres beaucoup moins. Il est possible que vous ayez \u00e0 caler votre aile ou la poncer pour avoir un emboitement parfait. Nous avons design\u00e9 le fuselage et son manchon pour corresponde \u00e0 un maximum d&#8217;ailes. Nous d\u00e9chargeons toute responsabilit\u00e9 si votre aile ne s&#8217;emboite pas parfaitement avec notre fuselage.<\/p>\n<p>Ce fuselage a \u00e9t\u00e9 optimis\u00e9 pour une glisse maximale,\u00a0<span data-verified=\"redactor\" data-redactor-tag=\"span\" data-redactor-style=\"color: rgb(192, 80, 77);\"><strong data-redactor-tag=\"strong\">NE PAS SAUTER OU PRATIQUER LE FREESTYLE AVEC<\/strong><\/span>.<\/p>\n<p><u data-redactor-tag=\"u\">Aucune garantie ne sera valable en cas de suspicion de casse li\u00e9e \u00e0 ces pratiques.<\/u><\/p>\n","protected":false},"excerpt":{"rendered":"<p>[En stock : Livraison sous 48h] Red\u00e9couvrez vos ailes favorites avec ce fuselage in\u00e9dit. Nous avons concu un fuselage qui rend vos ailes Takuma Kujira V1 compatibles avec le m\u00e2t ALLURE 2024. Le fuselage vous permet de monter les stabilisateurs d&#8217;origine (158, 178 etc) mais \u00e9galement vos stabilisteurs &#8220;customs&#8221; gr\u00e2ce aux cales fournies. Le rake du fuselage a \u00e9t\u00e9 revu pour donner une assiette neutre. Celui a \u00e9t\u00e9 raccourci de 15mm. Le fuselage est usin\u00e9 en aluminium 6082-T6, anosid\u00e9\u00a0GRIS L&#8217;adonisation du fuselage est r\u00e9alis\u00e9e en France chez un de nos partenaire afin de ma\u00eetriser le process et la qualit\u00e9 de la protection de l&#8217;aluminium. Cela avec un seul but : vous proposer la meilleur durabilit\u00e9 face \u00e0 la corrosion. Le fuselage devra \u00eatre malgr\u00e9 tout rinc\u00e9 \u00e0 l&#8217;eau douce apr\u00e8s chaque usage pour limiter la corrosion et du tef-gel (non inclu) devra \u00eatre utilis\u00e9 pour la visserie pour limiter l&#8217;interaction chimique avec l&#8217;inox. Les ailes et stabilisateurs pr\u00e9sents sur les photos ne sont pas compris dans le pack et ne sont l\u00e0 qu&#8217;\u00e0 titre d&#8217;illustration. A propos des ailes avant Takuma : il y a eu beaucoup de disparit\u00e9s sur les tol\u00e9rances d&#8217;emboitement dans la production TAKUMA, avec des ailes ajust\u00e9es, d&#8217;autres beaucoup moins. Il est possible que vous ayez \u00e0 caler votre aile ou la poncer pour avoir un emboitement parfait. Nous avons design\u00e9 le fuselage et son manchon pour corresponde \u00e0 un maximum d&#8217;ailes. Nous d\u00e9chargeons toute responsabilit\u00e9 si votre aile ne s&#8217;emboite pas parfaitement avec notre fuselage. Ce fuselage a \u00e9t\u00e9 optimis\u00e9 pour une glisse maximale,\u00a0NE PAS SAUTER OU PRATIQUER LE FREESTYLE AVEC. Aucune garantie ne sera valable en cas de suspicion de casse li\u00e9e \u00e0 ces pratiques.<\/p>\n","protected":false},"featured_media":4888,"comment_status":"open","ping_status":"closed","template":"","meta":{"site-sidebar-layout":"default","site-content-layout":"","ast-site-content-layout":"default","site-content-style":"default","site-sidebar-style":"default","ast-global-header-display":"","ast-banner-title-visibility":"","ast-main-header-display":"","ast-hfb-above-header-display":"","ast-hfb-below-header-display":"","ast-hfb-mobile-header-display":"","site-post-title":"","ast-breadcrumbs-content":"","ast-featured-img":"","footer-sml-layout":"","ast-disable-related-posts":"","theme-transparent-header-meta":"default","adv-header-id-meta":"","stick-header-meta":"","header-above-stick-meta":"","header-main-stick-meta":"","header-below-stick-meta":"","astra-migrate-meta-layouts":"set","ast-page-background-enabled":"default","ast-page-background-meta":{"desktop":{"background-color":"var(--ast-global-color-4)","background-image":"","background-repeat":"repeat","background-position":"center center","background-size":"auto","background-attachment":"scroll","background-type":"","background-media":"","overlay-type":"","overlay-color":"","overlay-opacity":"","overlay-gradient":""},"tablet":{"background-color":"","background-image":"","background-repeat":"repeat","background-position":"center center","background-size":"auto","background-attachment":"scroll","background-type":"","background-media":"","overlay-type":"","overlay-color":"","overlay-opacity":"","overlay-gradient":""},"mobile":{"background-color":"","background-image":"","background-repeat":"repeat","background-position":"center center","background-size":"auto","background-attachment":"scroll","background-type":"","background-media":"","overlay-type":"","overlay-color":"","overlay-opacity":"","overlay-gradient":""}},"ast-content-background-meta":{"desktop":{"background-color":"var(--ast-global-color-5)","background-image":"","background-repeat":"repeat","background-position":"center center","background-size":"auto","background-attachment":"scroll","background-type":"","background-media":"","overlay-type":"","overlay-color":"","overlay-opacity":"","overlay-gradient":""},"tablet":{"background-color":"var(--ast-global-color-5)","background-image":"","background-repeat":"repeat","background-position":"center center","background-size":"auto","background-attachment":"scroll","background-type":"","background-media":"","overlay-type":"","overlay-color":"","overlay-opacity":"","overlay-gradient":""},"mobile":{"background-color":"var(--ast-global-color-5)","background-image":"","background-repeat":"repeat","background-position":"center center","background-size":"auto","background-attachment":"scroll","background-type":"","background-media":"","overlay-type":"","overlay-color":"","overlay-opacity":"","overlay-gradient":""}}},"product_brand":[],"product_cat":[178],"product_tag":[],"class_list":{"0":"post-4883","1":"product","2":"type-product","3":"status-publish","4":"has-post-thumbnail","6":"product_cat-fuselages","7":"desktop-align-center","8":"tablet-align-left","9":"mobile-align-left","10":"tm-no-options","12":"first","13":"outofstock","14":"taxable","15":"shipping-taxable","16":"purchasable","17":"product-type-simple"},"yoast_head":"<!-- This site is optimized with the Yoast SEO plugin v27.3 - https:\/\/yoast.com\/product\/yoast-seo-wordpress\/ -->\n<title>Fuselage KPARTS - M\u00e2t ALLURE 2024 avec ailes KUJIRA V1 - KPARTS WATERSPORTS<\/title>\n<meta name=\"robots\" content=\"index, follow, max-snippet:-1, max-image-preview:large, max-video-preview:-1\" \/>\n<link rel=\"canonical\" href=\"https:\/\/kparts-watersports.com\/es\/produit\/fuselage-kparts-mat-allure-2024-avec-ailes-kujira-v1\/\" \/>\n<meta property=\"og:locale\" content=\"es_ES\" \/>\n<meta property=\"og:type\" content=\"article\" \/>\n<meta property=\"og:title\" content=\"Fuselage KPARTS - M\u00e2t ALLURE 2024 avec ailes KUJIRA V1 - KPARTS WATERSPORTS\" \/>\n<meta property=\"og:description\" content=\"[En stock : Livraison sous 48h] Red\u00e9couvrez vos ailes favorites avec ce fuselage in\u00e9dit. Nous avons concu un fuselage qui rend vos ailes Takuma Kujira V1 compatibles avec le m\u00e2t ALLURE 2024. Le fuselage vous permet de monter les stabilisateurs d&#8217;origine (158, 178 etc) mais \u00e9galement vos stabilisteurs &#8220;customs&#8221; gr\u00e2ce aux cales fournies. Le rake du fuselage a \u00e9t\u00e9 revu pour donner une assiette neutre. Celui a \u00e9t\u00e9 raccourci de 15mm. Le fuselage est usin\u00e9 en aluminium 6082-T6, anosid\u00e9\u00a0GRIS L&#8217;adonisation du fuselage est r\u00e9alis\u00e9e en France chez un de nos partenaire afin de ma\u00eetriser le process et la qualit\u00e9 de la protection de l&#8217;aluminium. Cela avec un seul but : vous proposer la meilleur durabilit\u00e9 face \u00e0 la corrosion. Le fuselage devra \u00eatre malgr\u00e9 tout rinc\u00e9 \u00e0 l&#8217;eau douce apr\u00e8s chaque usage pour limiter la corrosion et du tef-gel (non inclu) devra \u00eatre utilis\u00e9 pour la visserie pour limiter l&#8217;interaction chimique avec l&#8217;inox. Les ailes et stabilisateurs pr\u00e9sents sur les photos ne sont pas compris dans le pack et ne sont l\u00e0 qu&#8217;\u00e0 titre d&#8217;illustration. A propos des ailes avant Takuma : il y a eu beaucoup de disparit\u00e9s sur les tol\u00e9rances d&#8217;emboitement dans la production TAKUMA, avec des ailes ajust\u00e9es, d&#8217;autres beaucoup moins. Il est possible que vous ayez \u00e0 caler votre aile ou la poncer pour avoir un emboitement parfait. Nous avons design\u00e9 le fuselage et son manchon pour corresponde \u00e0 un maximum d&#8217;ailes. Nous d\u00e9chargeons toute responsabilit\u00e9 si votre aile ne s&#8217;emboite pas parfaitement avec notre fuselage. Ce fuselage a \u00e9t\u00e9 optimis\u00e9 pour une glisse maximale,\u00a0NE PAS SAUTER OU PRATIQUER LE FREESTYLE AVEC. Aucune garantie ne sera valable en cas de suspicion de casse li\u00e9e \u00e0 ces pratiques.\" \/>\n<meta property=\"og:url\" content=\"https:\/\/kparts-watersports.com\/es\/produit\/fuselage-kparts-mat-allure-2024-avec-ailes-kujira-v1\/\" \/>\n<meta property=\"og:site_name\" content=\"KPARTS WATERSPORTS\" \/>\n<meta property=\"article:publisher\" content=\"https:\/\/www.facebook.com\/people\/AP-3D-Custom\/100076804732870\/\" \/>\n<meta property=\"article:modified_time\" content=\"2026-04-23T12:42:26+00:00\" \/>\n<meta property=\"og:image\" content=\"https:\/\/kparts-watersports.com\/wp-content\/uploads\/2025\/06\/Fuselage-KPARTS-Mat-ALLURE-2024-avec-ailes-KUJIRA-V1.webp\" \/>\n\t<meta property=\"og:image:width\" content=\"1091\" \/>\n\t<meta property=\"og:image:height\" content=\"747\" \/>\n\t<meta property=\"og:image:type\" content=\"image\/webp\" \/>\n<meta name=\"twitter:card\" content=\"summary_large_image\" \/>\n<meta name=\"twitter:label1\" content=\"Tiempo de lectura\" \/>\n\t<meta name=\"twitter:data1\" content=\"2 minutes\" \/>\n<script type=\"application\/ld+json\" class=\"yoast-schema-graph\">{\"@context\":\"https:\\\/\\\/schema.org\",\"@graph\":[{\"@type\":\"WebPage\",\"@id\":\"https:\\\/\\\/kparts-watersports.com\\\/es\\\/produit\\\/fuselage-kparts-mat-allure-2024-avec-ailes-kujira-v1\\\/\",\"url\":\"https:\\\/\\\/kparts-watersports.com\\\/es\\\/produit\\\/fuselage-kparts-mat-allure-2024-avec-ailes-kujira-v1\\\/\",\"name\":\"Fuselage KPARTS - M\u00e2t ALLURE 2024 avec ailes KUJIRA V1 - KPARTS WATERSPORTS\",\"isPartOf\":{\"@id\":\"https:\\\/\\\/blanchedalmond-oryx-541128.hostingersite.com\\\/#website\"},\"primaryImageOfPage\":{\"@id\":\"https:\\\/\\\/kparts-watersports.com\\\/es\\\/produit\\\/fuselage-kparts-mat-allure-2024-avec-ailes-kujira-v1\\\/#primaryimage\"},\"image\":{\"@id\":\"https:\\\/\\\/kparts-watersports.com\\\/es\\\/produit\\\/fuselage-kparts-mat-allure-2024-avec-ailes-kujira-v1\\\/#primaryimage\"},\"thumbnailUrl\":\"https:\\\/\\\/kparts-watersports.com\\\/wp-content\\\/uploads\\\/2025\\\/06\\\/Fuselage-KPARTS-Mat-ALLURE-2024-avec-ailes-KUJIRA-V1.webp\",\"datePublished\":\"2025-06-29T13:03:48+00:00\",\"dateModified\":\"2026-04-23T12:42:26+00:00\",\"breadcrumb\":{\"@id\":\"https:\\\/\\\/kparts-watersports.com\\\/es\\\/produit\\\/fuselage-kparts-mat-allure-2024-avec-ailes-kujira-v1\\\/#breadcrumb\"},\"inLanguage\":\"es-ES\",\"potentialAction\":[{\"@type\":\"ReadAction\",\"target\":[\"https:\\\/\\\/kparts-watersports.com\\\/es\\\/produit\\\/fuselage-kparts-mat-allure-2024-avec-ailes-kujira-v1\\\/\"]}]},{\"@type\":\"ImageObject\",\"inLanguage\":\"es-ES\",\"@id\":\"https:\\\/\\\/kparts-watersports.com\\\/es\\\/produit\\\/fuselage-kparts-mat-allure-2024-avec-ailes-kujira-v1\\\/#primaryimage\",\"url\":\"https:\\\/\\\/kparts-watersports.com\\\/wp-content\\\/uploads\\\/2025\\\/06\\\/Fuselage-KPARTS-Mat-ALLURE-2024-avec-ailes-KUJIRA-V1.webp\",\"contentUrl\":\"https:\\\/\\\/kparts-watersports.com\\\/wp-content\\\/uploads\\\/2025\\\/06\\\/Fuselage-KPARTS-Mat-ALLURE-2024-avec-ailes-KUJIRA-V1.webp\",\"width\":1091,\"height\":747,\"caption\":\"Fuselage KPARTS - M\u00e2t ALLURE 2024 avec ailes KUJIRA V1\"},{\"@type\":\"BreadcrumbList\",\"@id\":\"https:\\\/\\\/kparts-watersports.com\\\/es\\\/produit\\\/fuselage-kparts-mat-allure-2024-avec-ailes-kujira-v1\\\/#breadcrumb\",\"itemListElement\":[{\"@type\":\"ListItem\",\"position\":1,\"name\":\"Accueil\",\"item\":\"https:\\\/\\\/kparts-watersports.com\\\/es\\\/inicio\\\/\"},{\"@type\":\"ListItem\",\"position\":2,\"name\":\"Tienda\",\"item\":\"https:\\\/\\\/kparts-watersports.com\\\/es\\\/tienda\\\/\"},{\"@type\":\"ListItem\",\"position\":3,\"name\":\"Fuselage KPARTS &#8211; M\u00e2t ALLURE 2024 avec ailes KUJIRA V1\"}]},{\"@type\":\"WebSite\",\"@id\":\"https:\\\/\\\/blanchedalmond-oryx-541128.hostingersite.com\\\/#website\",\"url\":\"https:\\\/\\\/blanchedalmond-oryx-541128.hostingersite.com\\\/\",\"name\":\"KPARTS WATERSPORTS\",\"description\":\"Accessoires custom pour sports nautiques\",\"publisher\":{\"@id\":\"https:\\\/\\\/blanchedalmond-oryx-541128.hostingersite.com\\\/#organization\"},\"potentialAction\":[{\"@type\":\"SearchAction\",\"target\":{\"@type\":\"EntryPoint\",\"urlTemplate\":\"https:\\\/\\\/blanchedalmond-oryx-541128.hostingersite.com\\\/?s={search_term_string}\"},\"query-input\":{\"@type\":\"PropertyValueSpecification\",\"valueRequired\":true,\"valueName\":\"search_term_string\"}}],\"inLanguage\":\"es-ES\"},{\"@type\":\"Organization\",\"@id\":\"https:\\\/\\\/blanchedalmond-oryx-541128.hostingersite.com\\\/#organization\",\"name\":\"KPARTS WATERSPORTS\",\"url\":\"https:\\\/\\\/blanchedalmond-oryx-541128.hostingersite.com\\\/\",\"logo\":{\"@type\":\"ImageObject\",\"inLanguage\":\"es-ES\",\"@id\":\"https:\\\/\\\/blanchedalmond-oryx-541128.hostingersite.com\\\/#\\\/schema\\\/logo\\\/image\\\/\",\"url\":\"https:\\\/\\\/kparts-watersports.ovh\\\/wp-content\\\/uploads\\\/2024\\\/09\\\/Kparts-Logo-Favicon.jpg\",\"contentUrl\":\"https:\\\/\\\/kparts-watersports.ovh\\\/wp-content\\\/uploads\\\/2024\\\/09\\\/Kparts-Logo-Favicon.jpg\",\"width\":600,\"height\":600,\"caption\":\"KPARTS WATERSPORTS\"},\"image\":{\"@id\":\"https:\\\/\\\/blanchedalmond-oryx-541128.hostingersite.com\\\/#\\\/schema\\\/logo\\\/image\\\/\"},\"sameAs\":[\"https:\\\/\\\/www.facebook.com\\\/people\\\/AP-3D-Custom\\\/100076804732870\\\/\",\"https:\\\/\\\/www.instagram.com\\\/ap3dcustom\\\/\"]}]}<\/script>\n<!-- \/ Yoast SEO plugin. -->","yoast_head_json":{"title":"Fuselage KPARTS - M\u00e2t ALLURE 2024 avec ailes KUJIRA V1 - KPARTS WATERSPORTS","robots":{"index":"index","follow":"follow","max-snippet":"max-snippet:-1","max-image-preview":"max-image-preview:large","max-video-preview":"max-video-preview:-1"},"canonical":"https:\/\/kparts-watersports.com\/es\/produit\/fuselage-kparts-mat-allure-2024-avec-ailes-kujira-v1\/","og_locale":"es_ES","og_type":"article","og_title":"Fuselage KPARTS - M\u00e2t ALLURE 2024 avec ailes KUJIRA V1 - KPARTS WATERSPORTS","og_description":"[En stock : Livraison sous 48h] Red\u00e9couvrez vos ailes favorites avec ce fuselage in\u00e9dit. Nous avons concu un fuselage qui rend vos ailes Takuma Kujira V1 compatibles avec le m\u00e2t ALLURE 2024. Le fuselage vous permet de monter les stabilisateurs d&#8217;origine (158, 178 etc) mais \u00e9galement vos stabilisteurs &#8220;customs&#8221; gr\u00e2ce aux cales fournies. Le rake du fuselage a \u00e9t\u00e9 revu pour donner une assiette neutre. Celui a \u00e9t\u00e9 raccourci de 15mm. Le fuselage est usin\u00e9 en aluminium 6082-T6, anosid\u00e9\u00a0GRIS L&#8217;adonisation du fuselage est r\u00e9alis\u00e9e en France chez un de nos partenaire afin de ma\u00eetriser le process et la qualit\u00e9 de la protection de l&#8217;aluminium. Cela avec un seul but : vous proposer la meilleur durabilit\u00e9 face \u00e0 la corrosion. Le fuselage devra \u00eatre malgr\u00e9 tout rinc\u00e9 \u00e0 l&#8217;eau douce apr\u00e8s chaque usage pour limiter la corrosion et du tef-gel (non inclu) devra \u00eatre utilis\u00e9 pour la visserie pour limiter l&#8217;interaction chimique avec l&#8217;inox. Les ailes et stabilisateurs pr\u00e9sents sur les photos ne sont pas compris dans le pack et ne sont l\u00e0 qu&#8217;\u00e0 titre d&#8217;illustration. A propos des ailes avant Takuma : il y a eu beaucoup de disparit\u00e9s sur les tol\u00e9rances d&#8217;emboitement dans la production TAKUMA, avec des ailes ajust\u00e9es, d&#8217;autres beaucoup moins. Il est possible que vous ayez \u00e0 caler votre aile ou la poncer pour avoir un emboitement parfait. Nous avons design\u00e9 le fuselage et son manchon pour corresponde \u00e0 un maximum d&#8217;ailes. Nous d\u00e9chargeons toute responsabilit\u00e9 si votre aile ne s&#8217;emboite pas parfaitement avec notre fuselage. Ce fuselage a \u00e9t\u00e9 optimis\u00e9 pour une glisse maximale,\u00a0NE PAS SAUTER OU PRATIQUER LE FREESTYLE AVEC. Aucune garantie ne sera valable en cas de suspicion de casse li\u00e9e \u00e0 ces pratiques.","og_url":"https:\/\/kparts-watersports.com\/es\/produit\/fuselage-kparts-mat-allure-2024-avec-ailes-kujira-v1\/","og_site_name":"KPARTS WATERSPORTS","article_publisher":"https:\/\/www.facebook.com\/people\/AP-3D-Custom\/100076804732870\/","article_modified_time":"2026-04-23T12:42:26+00:00","og_image":[{"width":1091,"height":747,"url":"https:\/\/kparts-watersports.com\/wp-content\/uploads\/2025\/06\/Fuselage-KPARTS-Mat-ALLURE-2024-avec-ailes-KUJIRA-V1.webp","type":"image\/webp"}],"twitter_card":"summary_large_image","twitter_misc":{"Tiempo de lectura":"2 minutes"},"schema":{"@context":"https:\/\/schema.org","@graph":[{"@type":"WebPage","@id":"https:\/\/kparts-watersports.com\/es\/produit\/fuselage-kparts-mat-allure-2024-avec-ailes-kujira-v1\/","url":"https:\/\/kparts-watersports.com\/es\/produit\/fuselage-kparts-mat-allure-2024-avec-ailes-kujira-v1\/","name":"Fuselage KPARTS - M\u00e2t ALLURE 2024 avec ailes KUJIRA V1 - KPARTS WATERSPORTS","isPartOf":{"@id":"https:\/\/blanchedalmond-oryx-541128.hostingersite.com\/#website"},"primaryImageOfPage":{"@id":"https:\/\/kparts-watersports.com\/es\/produit\/fuselage-kparts-mat-allure-2024-avec-ailes-kujira-v1\/#primaryimage"},"image":{"@id":"https:\/\/kparts-watersports.com\/es\/produit\/fuselage-kparts-mat-allure-2024-avec-ailes-kujira-v1\/#primaryimage"},"thumbnailUrl":"https:\/\/kparts-watersports.com\/wp-content\/uploads\/2025\/06\/Fuselage-KPARTS-Mat-ALLURE-2024-avec-ailes-KUJIRA-V1.webp","datePublished":"2025-06-29T13:03:48+00:00","dateModified":"2026-04-23T12:42:26+00:00","breadcrumb":{"@id":"https:\/\/kparts-watersports.com\/es\/produit\/fuselage-kparts-mat-allure-2024-avec-ailes-kujira-v1\/#breadcrumb"},"inLanguage":"es-ES","potentialAction":[{"@type":"ReadAction","target":["https:\/\/kparts-watersports.com\/es\/produit\/fuselage-kparts-mat-allure-2024-avec-ailes-kujira-v1\/"]}]},{"@type":"ImageObject","inLanguage":"es-ES","@id":"https:\/\/kparts-watersports.com\/es\/produit\/fuselage-kparts-mat-allure-2024-avec-ailes-kujira-v1\/#primaryimage","url":"https:\/\/kparts-watersports.com\/wp-content\/uploads\/2025\/06\/Fuselage-KPARTS-Mat-ALLURE-2024-avec-ailes-KUJIRA-V1.webp","contentUrl":"https:\/\/kparts-watersports.com\/wp-content\/uploads\/2025\/06\/Fuselage-KPARTS-Mat-ALLURE-2024-avec-ailes-KUJIRA-V1.webp","width":1091,"height":747,"caption":"Fuselage KPARTS - M\u00e2t ALLURE 2024 avec ailes KUJIRA V1"},{"@type":"BreadcrumbList","@id":"https:\/\/kparts-watersports.com\/es\/produit\/fuselage-kparts-mat-allure-2024-avec-ailes-kujira-v1\/#breadcrumb","itemListElement":[{"@type":"ListItem","position":1,"name":"Accueil","item":"https:\/\/kparts-watersports.com\/es\/inicio\/"},{"@type":"ListItem","position":2,"name":"Tienda","item":"https:\/\/kparts-watersports.com\/es\/tienda\/"},{"@type":"ListItem","position":3,"name":"Fuselage KPARTS &#8211; M\u00e2t ALLURE 2024 avec ailes KUJIRA V1"}]},{"@type":"WebSite","@id":"https:\/\/blanchedalmond-oryx-541128.hostingersite.com\/#website","url":"https:\/\/blanchedalmond-oryx-541128.hostingersite.com\/","name":"KPARTS WATERSPORTS","description":"Accessoires custom pour sports nautiques","publisher":{"@id":"https:\/\/blanchedalmond-oryx-541128.hostingersite.com\/#organization"},"potentialAction":[{"@type":"SearchAction","target":{"@type":"EntryPoint","urlTemplate":"https:\/\/blanchedalmond-oryx-541128.hostingersite.com\/?s={search_term_string}"},"query-input":{"@type":"PropertyValueSpecification","valueRequired":true,"valueName":"search_term_string"}}],"inLanguage":"es-ES"},{"@type":"Organization","@id":"https:\/\/blanchedalmond-oryx-541128.hostingersite.com\/#organization","name":"KPARTS WATERSPORTS","url":"https:\/\/blanchedalmond-oryx-541128.hostingersite.com\/","logo":{"@type":"ImageObject","inLanguage":"es-ES","@id":"https:\/\/blanchedalmond-oryx-541128.hostingersite.com\/#\/schema\/logo\/image\/","url":"https:\/\/kparts-watersports.ovh\/wp-content\/uploads\/2024\/09\/Kparts-Logo-Favicon.jpg","contentUrl":"https:\/\/kparts-watersports.ovh\/wp-content\/uploads\/2024\/09\/Kparts-Logo-Favicon.jpg","width":600,"height":600,"caption":"KPARTS WATERSPORTS"},"image":{"@id":"https:\/\/blanchedalmond-oryx-541128.hostingersite.com\/#\/schema\/logo\/image\/"},"sameAs":["https:\/\/www.facebook.com\/people\/AP-3D-Custom\/100076804732870\/","https:\/\/www.instagram.com\/ap3dcustom\/"]}]}},"jetpack_sharing_enabled":true,"_links":{"self":[{"href":"https:\/\/kparts-watersports.com\/es\/wp-json\/wp\/v2\/product\/4883","targetHints":{"allow":["GET"]}}],"collection":[{"href":"https:\/\/kparts-watersports.com\/es\/wp-json\/wp\/v2\/product"}],"about":[{"href":"https:\/\/kparts-watersports.com\/es\/wp-json\/wp\/v2\/types\/product"}],"replies":[{"embeddable":true,"href":"https:\/\/kparts-watersports.com\/es\/wp-json\/wp\/v2\/comments?post=4883"}],"wp:featuredmedia":[{"embeddable":true,"href":"https:\/\/kparts-watersports.com\/es\/wp-json\/wp\/v2\/media\/4888"}],"wp:attachment":[{"href":"https:\/\/kparts-watersports.com\/es\/wp-json\/wp\/v2\/media?parent=4883"}],"wp:term":[{"taxonomy":"product_brand","embeddable":true,"href":"https:\/\/kparts-watersports.com\/es\/wp-json\/wp\/v2\/product_brand?post=4883"},{"taxonomy":"product_cat","embeddable":true,"href":"https:\/\/kparts-watersports.com\/es\/wp-json\/wp\/v2\/product_cat?post=4883"},{"taxonomy":"product_tag","embeddable":true,"href":"https:\/\/kparts-watersports.com\/es\/wp-json\/wp\/v2\/product_tag?post=4883"}],"curies":[{"name":"wp","href":"https:\/\/api.w.org\/{rel}","templated":true}]}}